{"id":1103,"date":"2024-09-12T15:08:41","date_gmt":"2024-09-12T15:08:41","guid":{"rendered":"https:\/\/baycan-turizm.com.tr\/?page_id=1103"},"modified":"2024-09-13T06:52:42","modified_gmt":"2024-09-13T06:52:42","slug":"hakkimizda","status":"publish","type":"page","link":"https:\/\/baycanturizm.com.tr\/index.php\/hakkimizda\/","title":{"rendered":"Hakk\u0131m\u0131zda"},"content":{"rendered":"\t\t<div data-elementor-type=\"wp-page\" data-elementor-id=\"1103\" class=\"elementor elementor-1103\">\n\t\t\t\t\t\t<section class=\"elementor-section elementor-top-section elementor-element elementor-element-291a13d0 elementor-section-content-middle elementor-section-boxed elementor-section-height-default elementor-section-height-default\" data-id=\"291a13d0\" data-element_type=\"section\">\n\t\t\t\t\t\t<div class=\"elementor-container elementor-column-gap-wide\">\n\t\t\t\t\t<div class=\"elementor-column elementor-col-50 elementor-top-column elementor-element elementor-element-22e853dc\" data-id=\"22e853dc\" data-element_type=\"column\">\n\t\t\t<div class=\"elementor-widget-wrap elementor-element-populated\">\n\t\t\t\t\t\t<div class=\"elementor-element elementor-element-5191b5bc elementor-widget elementor-widget-image\" data-id=\"5191b5bc\" data-element_type=\"widget\" data-widget_type=\"image.default\">\n\t\t\t\t<div class=\"elementor-widget-container\">\n\t\t\t\t\t\t\t\t\t\t\t\t\t<img decoding=\"async\" src=\"https:\/\/baycanturizm.com.tr\/wp-content\/uploads\/elementor\/thumbs\/WhatsApp-Image-2024-09-13-at-09.52.04-rgmb7w5bcjrz0vrqcrd0257h5n27n1llrdkh9pux48.jpeg\" title=\"WhatsApp Image 2024-09-13 at 09.52.04\" alt=\"WhatsApp Image 2024-09-13 at 09.52.04\" loading=\"lazy\" \/>\t\t\t\t\t\t\t\t\t\t\t\t\t<\/div>\n\t\t\t\t<\/div>\n\t\t\t\t\t<\/div>\n\t\t<\/div>\n\t\t\t\t<div class=\"elementor-column elementor-col-50 elementor-top-column elementor-element elementor-element-460cbd73\" data-id=\"460cbd73\" data-element_type=\"column\">\n\t\t\t<div class=\"elementor-widget-wrap elementor-element-populated\">\n\t\t\t\t\t\t<div class=\"elementor-element elementor-element-6027f305 wd-width-100 elementor-widget elementor-widget-wd_title\" data-id=\"6027f305\" data-element_type=\"widget\" data-widget_type=\"wd_title.default\">\n\t\t\t\t<div class=\"elementor-widget-container\">\n\t\t\t\t\t<div class=\"title-wrapper set-mb-s reset-last-child wd-title-color-default wd-title-style-default wd-title-size-default text-left\">\n\n\t\t\t\n\t\t\t<div class=\"liner-continer\">\n\t\t\t\t<h4 class=\"woodmart-title-container title wd-fontsize-l\">Baycan Turizm<\/h4> \n\t\t\t\t\t\t\t<\/div>\n\n\t\t\t\t\t\t\t<div class=\"title-after_title set-cont-mb-s reset-last-child wd-fontsize-xs\">\n\t\t\t\t\t<p><em>BAYCAN TUR\u0130ZM \u00a0\u015fah\u0131s \u015firketi olarak ba\u015flam\u0131\u015f ve s\u00fcrekli b\u00fcy\u00fcyen ara\u00e7 ve m\u00fc\u015fteri portf\u00f6y\u00fcyle birlikte daha kurumsal bir yap\u0131ya b\u00fcr\u00fcn\u00fcp 2000 y\u0131l\u0131ndan itibaren limited \u015firket olarak yoluna devam etmektedir. Yeni kurumsal yap\u0131m\u0131zla birlikte kaliteye verdi\u011fimiz \u00f6nem, TSE ve ISO 9001 -9002 belgeleriyle tescillenmi\u015ftir. Kurulu\u015fumuzdan buyana bize olan g\u00fcvenlerini esirgemeyen, hizmet ve kalite anlay\u0131\u015f\u0131m\u0131z\u0131 s\u00fcrekli y\u00fckseltmemiz i\u00e7in destek olan m\u00fc\u015fterilerimize te\u015fekk\u00fcr ederiz.<\/em><\/p>\t\t\t\t<\/div>\n\t\t\t\t\t<\/div>\n\t\t\t\t<\/div>\n\t\t\t\t<\/div>\n\t\t\t\t\t<\/div>\n\t\t<\/div>\n\t\t\t\t\t<\/div>\n\t\t<\/section>\n\t\t\t\t<section class=\"elementor-section elementor-top-section elementor-element elementor-element-7c9a3b1 elementor-section-content-middle elementor-section-boxed elementor-section-height-default elementor-section-height-default\" data-id=\"7c9a3b1\" data-element_type=\"section\">\n\t\t\t\t\t\t<div class=\"elementor-container elementor-column-gap-wide\">\n\t\t\t\t\t<div class=\"elementor-column elementor-col-50 elementor-top-column elementor-element elementor-element-35087726\" data-id=\"35087726\" data-element_type=\"column\">\n\t\t\t<div class=\"elementor-widget-wrap elementor-element-populated\">\n\t\t\t\t\t\t<div class=\"elementor-element elementor-element-7ba8edd0 elementor-widget elementor-widget-image\" data-id=\"7ba8edd0\" data-element_type=\"widget\" data-widget_type=\"image.default\">\n\t\t\t\t<div class=\"elementor-widget-container\">\n\t\t\t\t\t\t\t\t\t\t\t\t\t<img decoding=\"async\" src=\"https:\/\/baycanturizm.com.tr\/wp-content\/uploads\/elementor\/thumbs\/WhatsApp-Image-2024-09-12-at-19.41.27-rgmb7w5bcjrz0vrqcrd0257h5n27n1llrdkh9pux48.jpeg\" title=\"WhatsApp Image 2024-09-12 at 19.41.27\" alt=\"WhatsApp Image 2024-09-12 at 19.41.27\" loading=\"lazy\" \/>\t\t\t\t\t\t\t\t\t\t\t\t\t<\/div>\n\t\t\t\t<\/div>\n\t\t\t\t\t<\/div>\n\t\t<\/div>\n\t\t\t\t<div class=\"elementor-column elementor-col-50 elementor-top-column elementor-element elementor-element-76e4d1f0\" data-id=\"76e4d1f0\" data-element_type=\"column\">\n\t\t\t<div class=\"elementor-widget-wrap elementor-element-populated\">\n\t\t\t\t\t\t<div class=\"elementor-element elementor-element-6cd8e58f wd-width-100 elementor-widget elementor-widget-wd_title\" data-id=\"6cd8e58f\" data-element_type=\"widget\" data-widget_type=\"wd_title.default\">\n\t\t\t\t<div class=\"elementor-widget-container\">\n\t\t\t\t\t<div class=\"title-wrapper set-mb-s reset-last-child wd-title-color-default wd-title-style-default wd-title-size-default text-left\">\n\n\t\t\t\t\t\t\t<div class=\"title-subtitle subtitle-color-default subtitle-style-default wd-fontsize-xs\">\n\t\t\t\t\tBaycan Turizm\t\t\t\t<\/div>\n\t\t\t\n\t\t\t<div class=\"liner-continer\">\n\t\t\t\t<h4 class=\"woodmart-title-container title wd-fontsize-l\">NEDEN B\u0130Z\u0130 TERC\u0130H ETMEL\u0130S\u0130N\u0130Z?<\/h4> \n\t\t\t\t\t\t\t<\/div>\n\n\t\t\t\t\t\t\t<div class=\"title-after_title set-cont-mb-s reset-last-child wd-fontsize-xs\">\n\t\t\t\t\t<p>Her i\u015fletmenin personel ta\u015f\u0131mac\u0131l\u0131\u011f\u0131 ihtiya\u00e7lar\u0131 farkl\u0131d\u0131r, bizler de bu farkl\u0131l\u0131klara \u00f6zel \u00e7\u00f6z\u00fcmler sunmaktan mutluluk duyuyoruz.Baycan Turizm olarak \u0130\u015fletmenizin gereksinimlerini anlayarak, gereksiz g\u00fczergahlardan ka\u00e7\u0131n\u0131p, sizlerle birlikte \u015feffaf bir \u015fekilde en uygun rotalar\u0131 olu\u015fturarak personellerimizi aile ortam\u0131nda temiz ve bak\u0131ml\u0131 ara\u00e7lar\u0131m\u0131zla, konforlu ve g\u00fcler y\u00fczl\u00fc bir \u015fekilde hedeflerine ta\u015f\u0131yor, her ayr\u0131nt\u0131y\u0131 d\u00fc\u015f\u00fcn\u00fcp i\u015fletmenizin ihtiya\u00e7lar\u0131n\u0131 en uygun b\u00fct\u00e7eyle kar\u015f\u0131lamaya \u00e7al\u0131\u015f\u0131yoruz.\u00c7\u00fcnk\u00fc odak noktam\u0131z her zaman daha \u00e7ok i\u015f yapmak de\u011fil, daha \u00e7ok memnuniyet sa\u011flamakt\u0131r.\u00a0 \u00a0 \u00a0 \u00a0 \u00a0 \u00a0 \u00a0 \u00a0 \u00a0 \u00a0 \u00a0 \u00a0Mutlu BAYCAN &amp; Ahmet BAYCAN<\/p>\t\t\t\t<\/div>\n\t\t\t\t\t<\/div>\n\t\t\t\t<\/div>\n\t\t\t\t<\/div>\n\t\t\t\t\t<\/div>\n\t\t<\/div>\n\t\t\t\t\t<\/div>\n\t\t<\/section>\n\t\t\t\t<\/div>\n\t\t","protected":false},"excerpt":{"rendered":"<p>Baycan Turizm BAYCAN TUR\u0130ZM \u00a0\u015fah\u0131s \u015firketi olarak ba\u015flam\u0131\u015f ve s\u00fcrekli b\u00fcy\u00fcyen ara\u00e7 ve m\u00fc\u015fteri portf\u00f6y\u00fcyle birlikte daha kurumsal bir yap\u0131ya<\/p>\n","protected":false},"author":1,"featured_media":0,"parent":0,"menu_order":0,"comment_status":"closed","ping_status":"closed","template":"","meta":{"footnotes":""},"class_list":["post-1103","page","type-page","status-publish","hentry"],"_links":{"self":[{"href":"https:\/\/baycanturizm.com.tr\/index.php\/wp-json\/wp\/v2\/pages\/1103","targetHints":{"allow":["GET"]}}],"collection":[{"href":"https:\/\/baycanturizm.com.tr\/index.php\/wp-json\/wp\/v2\/pages"}],"about":[{"href":"https:\/\/baycanturizm.com.tr\/index.php\/wp-json\/wp\/v2\/types\/page"}],"author":[{"embeddable":true,"href":"https:\/\/baycanturizm.com.tr\/index.php\/wp-json\/wp\/v2\/users\/1"}],"replies":[{"embeddable":true,"href":"https:\/\/baycanturizm.com.tr\/index.php\/wp-json\/wp\/v2\/comments?post=1103"}],"version-history":[{"count":13,"href":"https:\/\/baycanturizm.com.tr\/index.php\/wp-json\/wp\/v2\/pages\/1103\/revisions"}],"predecessor-version":[{"id":1190,"href":"https:\/\/baycanturizm.com.tr\/index.php\/wp-json\/wp\/v2\/pages\/1103\/revisions\/1190"}],"wp:attachment":[{"href":"https:\/\/baycanturizm.com.tr\/index.php\/wp-json\/wp\/v2\/media?parent=1103"}],"curies":[{"name":"wp","href":"https:\/\/api.w.org\/{rel}","templated":true}]}}