{"id":1105,"date":"2024-09-12T15:09:36","date_gmt":"2024-09-12T15:09:36","guid":{"rendered":"https:\/\/baycan-turizm.com.tr\/?page_id=1105"},"modified":"2025-12-27T11:46:44","modified_gmt":"2025-12-27T11:46:44","slug":"iletisim","status":"publish","type":"page","link":"https:\/\/baycanturizm.com.tr\/index.php\/iletisim\/","title":{"rendered":"\u0130leti\u015fim"},"content":{"rendered":"\t\t<div data-elementor-type=\"wp-page\" data-elementor-id=\"1105\" class=\"elementor elementor-1105\">\n\t\t\t\t\t\t<section class=\"elementor-section elementor-top-section elementor-element elementor-element-54c2754e elementor-section-boxed elementor-section-height-default elementor-section-height-default\" data-id=\"54c2754e\" data-element_type=\"section\">\n\t\t\t\t\t\t<div class=\"elementor-container elementor-column-gap-default\">\n\t\t\t\t\t<div class=\"elementor-column elementor-col-33 elementor-top-column elementor-element elementor-element-7e1e9e61\" data-id=\"7e1e9e61\" data-element_type=\"column\">\n\t\t\t<div class=\"elementor-widget-wrap elementor-element-populated\">\n\t\t\t\t\t\t<div class=\"elementor-element elementor-element-78fe3b02 wd-width-100 elementor-widget elementor-widget-wd_title\" data-id=\"78fe3b02\" data-element_type=\"widget\" data-widget_type=\"wd_title.default\">\n\t\t\t\t<div class=\"elementor-widget-container\">\n\t\t\t\t\t<div class=\"title-wrapper set-mb-s reset-last-child wd-title-color-default wd-title-style-default wd-title-size-default text-left\">\n\n\t\t\t\n\t\t\t<div class=\"liner-continer\">\n\t\t\t\t<h4 class=\"woodmart-title-container title wd-fontsize-l wd-underline-colored\">BAYCAN TUR\u0130ZM<\/h4> \n\t\t\t\t\t\t\t<\/div>\n\n\t\t\t\t\t<\/div>\n\t\t\t\t<\/div>\n\t\t\t\t<\/div>\n\t\t\t\t\t<\/div>\n\t\t<\/div>\n\t\t\t\t<div class=\"elementor-column elementor-col-33 elementor-top-column elementor-element elementor-element-6c186cd7\" data-id=\"6c186cd7\" data-element_type=\"column\">\n\t\t\t<div class=\"elementor-widget-wrap elementor-element-populated\">\n\t\t\t\t\t\t<div class=\"elementor-element elementor-element-cfe87b9 elementor-widget elementor-widget-wd_infobox\" data-id=\"cfe87b9\" data-element_type=\"widget\" data-widget_type=\"wd_infobox.default\">\n\t\t\t\t<div class=\"elementor-widget-container\">\n\t\t\t\t\t<div class=\"info-box-wrapper\">\n\t\t\t<div class=\"wd-info-box text-left box-icon-align-left box-style-base color-scheme- wd-items-top\">\n\t\t\t\t\t\t\t\t\t<div class=\"box-icon-wrapper  box-with-icon box-icon-simple\">\n\t\t\t\t\t\t<div class=\"info-box-icon\">\n\t\t\t\t\t\t\t\t\t\t\t\t\t\t\t<div class=\"info-svg-wrapper\" style=\"width:35px; height:35px;\"><img decoding=\"async\"  src=\"https:\/\/baycanturizm.com.tr\/wp-content\/uploads\/2024\/09\/bikes-address.svg\" title=\"bikes-address.svg\" width=\"35\" height=\"35\"><\/div>\t\t\t\t\t\t\t\t\t\t\t\t\t<\/div>\n\t\t\t\t\t<\/div>\n\t\t\t\t\n\t\t\t\t<div class=\"info-box-content\">\n\t\t\t\t\t\n\t\t\t\t\t\n\t\t\t\t\t<div class=\"info-box-inner set-cont-mb-s reset-last-child\"data-elementor-setting-key=\"content\"><p>Halilbeyli, Mustafa Kemal Atat\u00fcrk Cd. No:92, 35170 Kemalpa\u015fa\/\u0130zmir<\/p>\n<\/div>\n\n\t\t\t\t\t\t\t\t\t<\/div>\n\n\t\t\t\t\t\t\t<\/div>\n\t\t<\/div>\n\t\t\t\t<\/div>\n\t\t\t\t<\/div>\n\t\t\t\t<div class=\"elementor-element elementor-element-7e872701 elementor-widget elementor-widget-wd_infobox\" data-id=\"7e872701\" data-element_type=\"widget\" data-widget_type=\"wd_infobox.default\">\n\t\t\t\t<div class=\"elementor-widget-container\">\n\t\t\t\t\t<div class=\"info-box-wrapper\">\n\t\t\t<div class=\"wd-info-box text-left box-icon-align-left box-style-base color-scheme- wd-items-top\">\n\t\t\t\t\t\t\t\t\t<div class=\"box-icon-wrapper  box-with-icon box-icon-simple\">\n\t\t\t\t\t\t<div class=\"info-box-icon\">\n\t\t\t\t\t\t\t\t\t\t\t\t\t\t\t<div class=\"info-svg-wrapper\" style=\"width:35px; height:35px;\"><img decoding=\"async\"  src=\"https:\/\/baycanturizm.com.tr\/wp-content\/uploads\/2024\/09\/bikes-work-hour.svg\" title=\"bikes-work-hour.svg\" width=\"35\" height=\"35\"><\/div>\t\t\t\t\t\t\t\t\t\t\t\t\t<\/div>\n\t\t\t\t\t<\/div>\n\t\t\t\t\n\t\t\t\t<div class=\"info-box-content\">\n\t\t\t\t\t\n\t\t\t\t\t\n\t\t\t\t\t<div class=\"info-box-inner set-cont-mb-s reset-last-child\"data-elementor-setting-key=\"content\"><p><span style=\"vertical-align: inherit;\"><span style=\"vertical-align: inherit;\">7\/24<\/span><\/span><\/p>\n<\/div>\n\n\t\t\t\t\t\t\t\t\t<\/div>\n\n\t\t\t\t\t\t\t<\/div>\n\t\t<\/div>\n\t\t\t\t<\/div>\n\t\t\t\t<\/div>\n\t\t\t\t\t<\/div>\n\t\t<\/div>\n\t\t\t\t<div class=\"elementor-column elementor-col-33 elementor-top-column elementor-element elementor-element-3a719832\" data-id=\"3a719832\" data-element_type=\"column\">\n\t\t\t<div class=\"elementor-widget-wrap elementor-element-populated\">\n\t\t\t\t\t\t<div class=\"elementor-element elementor-element-cad0d65 elementor-widget elementor-widget-wd_infobox\" data-id=\"cad0d65\" data-element_type=\"widget\" data-widget_type=\"wd_infobox.default\">\n\t\t\t\t<div class=\"elementor-widget-container\">\n\t\t\t\t\t<div class=\"info-box-wrapper\">\n\t\t\t<div class=\"wd-info-box text-left box-icon-align-left box-style-base color-scheme- wd-items-top\">\n\t\t\t\t\t\t\t\t\t<div class=\"box-icon-wrapper  box-with-icon box-icon-simple\">\n\t\t\t\t\t\t<div class=\"info-box-icon\">\n\t\t\t\t\t\t\t\t\t\t\t\t\t\t\t<div class=\"info-svg-wrapper\" style=\"width:35px; height:35px;\"><img decoding=\"async\"  src=\"https:\/\/baycanturizm.com.tr\/wp-content\/uploads\/2024\/09\/bikes-mobile-phone.svg\" title=\"bikes-mobile-phone.svg\" width=\"35\" height=\"35\"><\/div>\t\t\t\t\t\t\t\t\t\t\t\t\t<\/div>\n\t\t\t\t\t<\/div>\n\t\t\t\t\n\t\t\t\t<div class=\"info-box-content\">\n\t\t\t\t\t\n\t\t\t\t\t\n\t\t\t\t\t<div class=\"info-box-inner set-cont-mb-s reset-last-child\"data-elementor-setting-key=\"content\"><p>0 534 742 27 34<\/p>\n<\/div>\n\n\t\t\t\t\t\t\t\t\t<\/div>\n\n\t\t\t\t\t\t\t<\/div>\n\t\t<\/div>\n\t\t\t\t<\/div>\n\t\t\t\t<\/div>\n\t\t\t\t<div class=\"elementor-element elementor-element-3fcd2ded elementor-widget elementor-widget-wd_infobox\" data-id=\"3fcd2ded\" data-element_type=\"widget\" data-widget_type=\"wd_infobox.default\">\n\t\t\t\t<div class=\"elementor-widget-container\">\n\t\t\t\t\t<div class=\"info-box-wrapper\">\n\t\t\t<div class=\"wd-info-box text-left box-icon-align-left box-style-base color-scheme- wd-items-top\">\n\t\t\t\t\t\t\t\t\t<div class=\"box-icon-wrapper  box-with-icon box-icon-simple\">\n\t\t\t\t\t\t<div class=\"info-box-icon\">\n\t\t\t\t\t\t\t\t\t\t\t\t\t\t\t<div class=\"info-svg-wrapper\" style=\"width:35px; height:35px;\"><img loading=\"lazy\" decoding=\"async\"  src=\"https:\/\/baycanturizm.com.tr\/wp-content\/uploads\/2024\/09\/bikes-mail.svg\" title=\"bikes-mail.svg\" width=\"35\" height=\"35\"><\/div>\t\t\t\t\t\t\t\t\t\t\t\t\t<\/div>\n\t\t\t\t\t<\/div>\n\t\t\t\t\n\t\t\t\t<div class=\"info-box-content\">\n\t\t\t\t\t\n\t\t\t\t\t\n\t\t\t\t\t<div class=\"info-box-inner set-cont-mb-s reset-last-child\"data-elementor-setting-key=\"content\"><p>info@baycanturizm.com.tr<\/p>\n<\/div>\n\n\t\t\t\t\t\t\t\t\t<\/div>\n\n\t\t\t\t\t\t\t<\/div>\n\t\t<\/div>\n\t\t\t\t<\/div>\n\t\t\t\t<\/div>\n\t\t\t\t\t<\/div>\n\t\t<\/div>\n\t\t\t\t\t<\/div>\n\t\t<\/section>\n\t\t\t\t<section class=\"elementor-section elementor-top-section elementor-element elementor-element-7246800f elementor-section-boxed elementor-section-height-default elementor-section-height-default\" data-id=\"7246800f\" data-element_type=\"section\">\n\t\t\t\t\t\t<div class=\"elementor-container elementor-column-gap-default\">\n\t\t\t\t\t<div class=\"elementor-column elementor-col-100 elementor-top-column elementor-element elementor-element-129fce59\" data-id=\"129fce59\" data-element_type=\"column\">\n\t\t\t<div class=\"elementor-widget-wrap elementor-element-populated\">\n\t\t\t\t\t\t<div class=\"elementor-element elementor-element-7d757091 wd-width-100 elementor-widget elementor-widget-wd_google_map\" data-id=\"7d757091\" data-element_type=\"widget\" data-widget_type=\"wd_google_map.default\">\n\t\t\t\t<div class=\"elementor-widget-container\">\n\t\t\t\t\t<div class=\"google-map-container wd-map-container\" data-map-args='{\"multiple_markers\":\"no\",\"latitude\":\"38.434659649636615\",\"longitude\":\" 27.671865348774013\",\"zoom\":15,\"mouse_zoom\":\"no\",\"init_type\":\"page_load\",\"init_offset\":\"\",\"json_style\":\"W3siZmVhdHVyZVR5cGUiOiJ3YXRlciIsImVsZW1lbnRUeXBlIjoiZ2VvbWV0cnkiLCJzdHlsZXJzIjpbeyJjb2xvciI6IiNlOWU5ZTkifSx7ImxpZ2h0bmVzcyI6MTd9XX0seyJmZWF0dXJlVHlwZSI6ImxhbmRzY2FwZSIsImVsZW1lbnRUeXBlIjoiZ2VvbWV0cnkiLCJzdHlsZXJzIjpbeyJjb2xvciI6IiNmNWY1ZjUifSx7ImxpZ2h0bmVzcyI6MjB9XX0seyJmZWF0dXJlVHlwZSI6InJvYWQuaGlnaHdheSIsImVsZW1lbnRUeXBlIjoiZ2VvbWV0cnkuZmlsbCIsInN0eWxlcnMiOlt7ImNvbG9yIjoiI2ZmZmZmZiJ9LHsibGlnaHRuZXNzIjoxN31dfSx7ImZlYXR1cmVUeXBlIjoicm9hZC5oaWdod2F5IiwiZWxlbWVudFR5cGUiOiJnZW9tZXRyeS5zdHJva2UiLCJzdHlsZXJzIjpbeyJjb2xvciI6IiNmZmZmZmYifSx7ImxpZ2h0bmVzcyI6Mjl9LHsid2VpZ2h0IjowLjJ9XX0seyJmZWF0dXJlVHlwZSI6InJvYWQuYXJ0ZXJpYWwiLCJlbGVtZW50VHlwZSI6Imdlb21ldHJ5Iiwic3R5bGVycyI6W3siY29sb3IiOiIjZmZmZmZmIn0seyJsaWdodG5lc3MiOjE4fV19LHsiZmVhdHVyZVR5cGUiOiJyb2FkLmxvY2FsIiwiZWxlbWVudFR5cGUiOiJnZW9tZXRyeSIsInN0eWxlcnMiOlt7ImNvbG9yIjoiI2ZmZmZmZiJ9LHsibGlnaHRuZXNzIjoxNn1dfSx7ImZlYXR1cmVUeXBlIjoicG9pIiwiZWxlbWVudFR5cGUiOiJnZW9tZXRyeSIsInN0eWxlcnMiOlt7ImNvbG9yIjoiI2Y1ZjVmNSJ9LHsibGlnaHRuZXNzIjoyMX1dfSx7ImZlYXR1cmVUeXBlIjoicG9pLnBhcmsiLCJlbGVtZW50VHlwZSI6Imdlb21ldHJ5Iiwic3R5bGVycyI6W3siY29sb3IiOiIjZGVkZWRlIn0seyJsaWdodG5lc3MiOjIxfV19LHsiZWxlbWVudFR5cGUiOiJsYWJlbHMudGV4dC5zdHJva2UiLCJzdHlsZXJzIjpbeyJ2aXNpYmlsaXR5Ijoib24ifSx7ImNvbG9yIjoiI2ZmZmZmZiJ9LHsibGlnaHRuZXNzIjoxNn1dfSx7ImVsZW1lbnRUeXBlIjoibGFiZWxzLnRleHQuZmlsbCIsInN0eWxlcnMiOlt7InNhdHVyYXRpb24iOjM2fSx7ImNvbG9yIjoiIzMzMzMzMyJ9LHsibGlnaHRuZXNzIjo0MH1dfSx7ImVsZW1lbnRUeXBlIjoibGFiZWxzLmljb24iLCJzdHlsZXJzIjpbeyJ2aXNpYmlsaXR5Ijoib2ZmIn1dfSx7ImZlYXR1cmVUeXBlIjoidHJhbnNpdCIsImVsZW1lbnRUeXBlIjoiZ2VvbWV0cnkiLCJzdHlsZXJzIjpbeyJjb2xvciI6IiNmMmYyZjIifSx7ImxpZ2h0bmVzcyI6MTl9XX0seyJmZWF0dXJlVHlwZSI6ImFkbWluaXN0cmF0aXZlIiwiZWxlbWVudFR5cGUiOiJnZW9tZXRyeS5maWxsIiwic3R5bGVycyI6W3siY29sb3IiOiIjZmVmZWZlIn0seyJsaWdodG5lc3MiOjIwfV19LHsiZmVhdHVyZVR5cGUiOiJhZG1pbmlzdHJhdGl2ZSIsImVsZW1lbnRUeXBlIjoiZ2VvbWV0cnkuc3Ryb2tlIiwic3R5bGVycyI6W3siY29sb3IiOiIjZmVmZWZlIn0seyJsaWdodG5lc3MiOjE3fSx7IndlaWdodCI6MS4yfV19XQ==\",\"marker_icon\":\"https:\\\/\\\/baycanturizm.com.tr\\\/wp-content\\\/uploads\\\/2024\\\/09\\\/bikes-map-pointer.svg\",\"marker_icon_size\":[150,150,true],\"elementor\":true,\"marker_text_needed\":\"no\",\"marker_text\":\"<h3 style=\\\"min-width:300px; text-align:center; margin:15px;\\\"><\\\/h3>\",\"selector\":\"wd-map-id-69ecb353ace9b\",\"markers\":null,\"center\":\"\"}'>\n\n\t\t\t\n\t\t\t\n\t\t\t<div class=\"wd-google-map-wrapper wd-map-wrapper wd-fill\">\n\t\t\t\t<div id=\"wd-map-id-69ecb353ace9b\" class=\"wd-google-map without-content wd-fill\"><\/div>\n\t\t\t<\/div>\n\n\t\t\t\t\t<\/div>\n\t\t\t\t<\/div>\n\t\t\t\t<\/div>\n\t\t\t\t\t<\/div>\n\t\t<\/div>\n\t\t\t\t\t<\/div>\n\t\t<\/section>\n\t\t\t\t<\/div>\n\t\t","protected":false},"excerpt":{"rendered":"<p>BAYCAN TUR\u0130ZM Halilbeyli, Mustafa Kemal Atat\u00fcrk Cd. No:92, 35170 Kemalpa\u015fa\/\u0130zmir 7\/24 0 534 742 27 34 info@baycanturizm.com.tr &#8220;,&#8221;selector&#8221;:&#8221;wd-map-id-694fc724ca331&#8243;,&#8221;markers&#8221;:null,&#8221;center&#8221;:&#8221;&#8221;}&#8217;><\/p>\n","protected":false},"author":1,"featured_media":0,"parent":0,"menu_order":0,"comment_status":"closed","ping_status":"closed","template":"","meta":{"footnotes":""},"class_list":["post-1105","page","type-page","status-publish","hentry"],"_links":{"self":[{"href":"https:\/\/baycanturizm.com.tr\/index.php\/wp-json\/wp\/v2\/pages\/1105","targetHints":{"allow":["GET"]}}],"collection":[{"href":"https:\/\/baycanturizm.com.tr\/index.php\/wp-json\/wp\/v2\/pages"}],"about":[{"href":"https:\/\/baycanturizm.com.tr\/index.php\/wp-json\/wp\/v2\/types\/page"}],"author":[{"embeddable":true,"href":"https:\/\/baycanturizm.com.tr\/index.php\/wp-json\/wp\/v2\/users\/1"}],"replies":[{"embeddable":true,"href":"https:\/\/baycanturizm.com.tr\/index.php\/wp-json\/wp\/v2\/comments?post=1105"}],"version-history":[{"count":10,"href":"https:\/\/baycanturizm.com.tr\/index.php\/wp-json\/wp\/v2\/pages\/1105\/revisions"}],"predecessor-version":[{"id":15664,"href":"https:\/\/baycanturizm.com.tr\/index.php\/wp-json\/wp\/v2\/pages\/1105\/revisions\/15664"}],"wp:attachment":[{"href":"https:\/\/baycanturizm.com.tr\/index.php\/wp-json\/wp\/v2\/media?parent=1105"}],"curies":[{"name":"wp","href":"https:\/\/api.w.org\/{rel}","templated":true}]}}