{"id":1107,"date":"2024-09-12T15:10:18","date_gmt":"2024-09-12T15:10:18","guid":{"rendered":"https:\/\/baycan-turizm.com.tr\/?page_id=1107"},"modified":"2024-09-12T15:42:22","modified_gmt":"2024-09-12T15:42:22","slug":"turizm-ve-gezi-tasimaciligi","status":"publish","type":"page","link":"https:\/\/baycanturizm.com.tr\/index.php\/turizm-ve-gezi-tasimaciligi\/","title":{"rendered":"\u0130zmir Kemalpa\u015fa Turizm ve Gezi Ta\u015f\u0131mac\u0131l\u0131\u011f\u0131"},"content":{"rendered":"\t\t<div data-elementor-type=\"wp-page\" data-elementor-id=\"1107\" class=\"elementor elementor-1107\">\n\t\t\t\t\t\t<section class=\"elementor-section elementor-top-section elementor-element elementor-element-5efe30aa elementor-section-content-middle wd-section-stretch elementor-section-boxed elementor-section-height-default elementor-section-height-default\" data-id=\"5efe30aa\" data-element_type=\"section\" data-settings=\"{&quot;background_background&quot;:&quot;classic&quot;}\">\n\t\t\t\t\t\t<div class=\"elementor-container elementor-column-gap-default\">\n\t\t\t\t\t<div class=\"elementor-column elementor-col-66 elementor-top-column elementor-element elementor-element-4e0d6efe\" data-id=\"4e0d6efe\" data-element_type=\"column\">\n\t\t\t<div class=\"elementor-widget-wrap elementor-element-populated\">\n\t\t\t\t\t\t<div class=\"elementor-element elementor-element-52dfb0b2 elementor-widget elementor-widget-image\" data-id=\"52dfb0b2\" data-element_type=\"widget\" data-widget_type=\"image.default\">\n\t\t\t\t<div class=\"elementor-widget-container\">\n\t\t\t\t\t\t\t\t\t\t\t\t\t<img fetchpriority=\"high\" decoding=\"async\" width=\"804\" height=\"441\" src=\"https:\/\/baycanturizm.com.tr\/wp-content\/uploads\/2024\/09\/Adsiz-tasarim-38.png\" class=\"attachment-full size-full wp-image-1128\" alt=\"\" srcset=\"https:\/\/baycanturizm.com.tr\/wp-content\/uploads\/2024\/09\/Adsiz-tasarim-38.png 804w, https:\/\/baycanturizm.com.tr\/wp-content\/uploads\/2024\/09\/Adsiz-tasarim-38-150x82.png 150w, https:\/\/baycanturizm.com.tr\/wp-content\/uploads\/2024\/09\/Adsiz-tasarim-38-300x165.png 300w, https:\/\/baycanturizm.com.tr\/wp-content\/uploads\/2024\/09\/Adsiz-tasarim-38-768x421.png 768w\" sizes=\"(max-width: 804px) 100vw, 804px\" \/>\t\t\t\t\t\t\t\t\t\t\t\t\t<\/div>\n\t\t\t\t<\/div>\n\t\t\t\t\t<\/div>\n\t\t<\/div>\n\t\t\t\t<div class=\"elementor-column elementor-col-33 elementor-top-column elementor-element elementor-element-3b7d82d6 color-scheme-light\" data-id=\"3b7d82d6\" data-element_type=\"column\">\n\t\t\t<div class=\"elementor-widget-wrap elementor-element-populated\">\n\t\t\t\t\t\t<div class=\"elementor-element elementor-element-1efa7114 wd-width-100 elementor-widget elementor-widget-wd_title\" data-id=\"1efa7114\" data-element_type=\"widget\" data-widget_type=\"wd_title.default\">\n\t\t\t\t<div class=\"elementor-widget-container\">\n\t\t\t\t\t<div class=\"title-wrapper set-mb-s reset-last-child wd-title-color-white wd-title-style-default wd-title-size-default text-left\">\n\n\t\t\t\t\t\t\t<div class=\"title-subtitle subtitle-color-white subtitle-style-default wd-fontsize-xs\">\n\t\t\t\t\tBAYCAN TUR\u0130ZM\t\t\t\t<\/div>\n\t\t\t\n\t\t\t<div class=\"liner-continer\">\n\t\t\t\t<h4 class=\"woodmart-title-container title wd-fontsize-l wd-underline-colored\">\u0130zmir Kemalpa\u015fa Turizm ve Gezi Ta\u015f\u0131mac\u0131l\u0131\u011f\u0131<br \/>\n<\/h4> \n\t\t\t\t\t\t\t<\/div>\n\n\t\t\t\t\t\t\t<div class=\"title-after_title set-cont-mb-s reset-last-child wd-fontsize-xs\">\n\t\t\t\t\t<p><em>BAYCAN TUR\u0130ZM <\/em>Turizm Ta\u015f\u0131mac\u0131l\u0131k hizmetlerini , kusursuz hizmet kalitesi ile sa\u011flamaktad\u0131r. Turistik ama\u00e7l\u0131 organizasyonlara, gruplara ve \u015firketlere gereken standart ve kalitede ara\u00e7 , ta\u015f\u0131mac\u0131l\u0131k hizmetleri vermektedir. En b\u00fcy\u00fck \u00e7abam\u0131z siz de\u011ferli m\u00fc\u015fterilerimizi g\u00fcvenli ve rahat bir yolculuk imkan\u0131 sunmakt\u0131r. Ve beklentileri k\u0131sa s\u00fcrede kar\u015f\u0131layarak yolcular\u0131n konfor ve memnuniyetini sa\u011flamakt\u0131r.<\/p><p>Turizm Ta\u015f\u0131mac\u0131l\u0131\u011f\u0131nda kulland\u0131\u011f\u0131m\u0131z ara\u00e7lar Ula\u015ft\u0131rma Bakanl\u0131\u011f\u0131n\u0131n Y\u00f6netmeli\u011fine uygun D2 Belgeli ve yolcu say\u0131s\u0131na g\u00f6re farkl\u0131 b\u00fcy\u00fckl\u00fck ve tipte olup konforlu y\u00fcksek model ara\u00e7lard\u0131r.G\u00dcVENL\u0130, KONFORLU ULA\u015eIM B\u0130Z\u0130M \u0130\u015e\u0130M\u0130Z.<\/p>\t\t\t\t<\/div>\n\t\t\t\t\t<\/div>\n\t\t\t\t<\/div>\n\t\t\t\t<\/div>\n\t\t\t\t\t<\/div>\n\t\t<\/div>\n\t\t\t\t\t<\/div>\n\t\t<\/section>\n\t\t\t\t<\/div>\n\t\t","protected":false},"excerpt":{"rendered":"<p>BAYCAN TUR\u0130ZM \u0130zmir Kemalpa\u015fa Turizm ve Gezi Ta\u015f\u0131mac\u0131l\u0131\u011f\u0131 BAYCAN TUR\u0130ZM Turizm Ta\u015f\u0131mac\u0131l\u0131k hizmetlerini , kusursuz hizmet kalitesi ile sa\u011flamaktad\u0131r. Turistik<\/p>\n","protected":false},"author":1,"featured_media":0,"parent":0,"menu_order":0,"comment_status":"closed","ping_status":"closed","template":"","meta":{"footnotes":""},"class_list":["post-1107","page","type-page","status-publish","hentry"],"_links":{"self":[{"href":"https:\/\/baycanturizm.com.tr\/index.php\/wp-json\/wp\/v2\/pages\/1107","targetHints":{"allow":["GET"]}}],"collection":[{"href":"https:\/\/baycanturizm.com.tr\/index.php\/wp-json\/wp\/v2\/pages"}],"about":[{"href":"https:\/\/baycanturizm.com.tr\/index.php\/wp-json\/wp\/v2\/types\/page"}],"author":[{"embeddable":true,"href":"https:\/\/baycanturizm.com.tr\/index.php\/wp-json\/wp\/v2\/users\/1"}],"replies":[{"embeddable":true,"href":"https:\/\/baycanturizm.com.tr\/index.php\/wp-json\/wp\/v2\/comments?post=1107"}],"version-history":[{"count":5,"href":"https:\/\/baycanturizm.com.tr\/index.php\/wp-json\/wp\/v2\/pages\/1107\/revisions"}],"predecessor-version":[{"id":1137,"href":"https:\/\/baycanturizm.com.tr\/index.php\/wp-json\/wp\/v2\/pages\/1107\/revisions\/1137"}],"wp:attachment":[{"href":"https:\/\/baycanturizm.com.tr\/index.php\/wp-json\/wp\/v2\/media?parent=1107"}],"curies":[{"name":"wp","href":"https:\/\/api.w.org\/{rel}","templated":true}]}}