{"id":1109,"date":"2024-09-12T15:11:19","date_gmt":"2024-09-12T15:11:19","guid":{"rendered":"https:\/\/baycan-turizm.com.tr\/?page_id=1109"},"modified":"2024-09-12T15:30:51","modified_gmt":"2024-09-12T15:30:51","slug":"izmir-kemalpasa-personel-tasimaciligi","status":"publish","type":"page","link":"https:\/\/baycanturizm.com.tr\/index.php\/izmir-kemalpasa-personel-tasimaciligi\/","title":{"rendered":"\u0130zmir Kemalpa\u015fa Personel Ta\u015f\u0131mac\u0131l\u0131\u011f\u0131"},"content":{"rendered":"\t\t<div data-elementor-type=\"wp-page\" data-elementor-id=\"1109\" class=\"elementor elementor-1109\">\n\t\t\t\t\t\t<section class=\"elementor-section elementor-top-section elementor-element elementor-element-5dcba1d elementor-section-content-middle wd-section-stretch elementor-section-boxed elementor-section-height-default elementor-section-height-default\" data-id=\"5dcba1d\" data-element_type=\"section\" data-settings=\"{&quot;background_background&quot;:&quot;classic&quot;}\">\n\t\t\t\t\t\t<div class=\"elementor-container elementor-column-gap-default\">\n\t\t\t\t\t<div class=\"elementor-column elementor-col-66 elementor-top-column elementor-element elementor-element-7a988f02\" data-id=\"7a988f02\" data-element_type=\"column\">\n\t\t\t<div class=\"elementor-widget-wrap elementor-element-populated\">\n\t\t\t\t\t\t<div class=\"elementor-element elementor-element-301c99cd elementor-widget elementor-widget-image\" data-id=\"301c99cd\" data-element_type=\"widget\" data-widget_type=\"image.default\">\n\t\t\t\t<div class=\"elementor-widget-container\">\n\t\t\t\t\t\t\t\t\t\t\t\t\t<img fetchpriority=\"high\" decoding=\"async\" width=\"804\" height=\"441\" src=\"https:\/\/baycanturizm.com.tr\/wp-content\/uploads\/2024\/09\/Adsiz-tasarim-38.png\" class=\"attachment-full size-full wp-image-1128\" alt=\"\" srcset=\"https:\/\/baycanturizm.com.tr\/wp-content\/uploads\/2024\/09\/Adsiz-tasarim-38.png 804w, https:\/\/baycanturizm.com.tr\/wp-content\/uploads\/2024\/09\/Adsiz-tasarim-38-150x82.png 150w, https:\/\/baycanturizm.com.tr\/wp-content\/uploads\/2024\/09\/Adsiz-tasarim-38-300x165.png 300w, https:\/\/baycanturizm.com.tr\/wp-content\/uploads\/2024\/09\/Adsiz-tasarim-38-768x421.png 768w\" sizes=\"(max-width: 804px) 100vw, 804px\" \/>\t\t\t\t\t\t\t\t\t\t\t\t\t<\/div>\n\t\t\t\t<\/div>\n\t\t\t\t\t<\/div>\n\t\t<\/div>\n\t\t\t\t<div class=\"elementor-column elementor-col-33 elementor-top-column elementor-element elementor-element-1de89369 color-scheme-light\" data-id=\"1de89369\" data-element_type=\"column\">\n\t\t\t<div class=\"elementor-widget-wrap elementor-element-populated\">\n\t\t\t\t\t\t<div class=\"elementor-element elementor-element-2c00b17c wd-width-100 elementor-widget elementor-widget-wd_title\" data-id=\"2c00b17c\" data-element_type=\"widget\" data-widget_type=\"wd_title.default\">\n\t\t\t\t<div class=\"elementor-widget-container\">\n\t\t\t\t\t<div class=\"title-wrapper set-mb-s reset-last-child wd-title-color-white wd-title-style-default wd-title-size-default text-left\">\n\n\t\t\t\t\t\t\t<div class=\"title-subtitle subtitle-color-white subtitle-style-default wd-fontsize-xs\">\n\t\t\t\t\tBaycan Turizm\t\t\t\t<\/div>\n\t\t\t\n\t\t\t<div class=\"liner-continer\">\n\t\t\t\t<h4 class=\"woodmart-title-container title wd-fontsize-l wd-underline-colored\"> \u0130zmir Kemalpa\u015fa Personel Ta\u015f\u0131mac\u0131l\u0131\u011f\u0131<br \/>\n<\/h4> \n\t\t\t\t\t\t\t<\/div>\n\n\t\t\t\t\t\t\t<div class=\"title-after_title set-cont-mb-s reset-last-child wd-fontsize-xs\">\n\t\t\t\t\t<p>Zaman\u0131n \u00f6nemine dikkat ederek, personellerinizi zaman\u0131nda konforlu ve g\u00fcvenli bir \u015fekilde\u00a0<strong>Kemalpa\u015fa \u0130zmir<\/strong>\u00a0de\u00a0<strong>Personel Ta\u015f\u0131mac\u0131l\u0131\u011f\u0131<\/strong> yapmaktay\u0131z. Personel Ta\u015f\u0131mac\u0131l\u0131\u011f\u0131n\u0131 y\u00fcksek kaliteye ta\u015f\u0131yan <strong>Baycan Turizm<\/strong>, dakikli\u011fin kaliteyle birle\u015ferek olu\u015fturdu\u011fu hizmetin sorumluluk gerekti\u011finin bilincindedir.\u00a0<strong>Baycan Turizm<\/strong>\u00a0Uzman kadrosu konforlu ve y\u00f6netmeliklere uygun donan\u0131ml\u0131 ara\u00e7lar\u0131yla hizmet vermeyi ilke edinmi\u015ftir.<\/p><p><strong>Personel Servislerinde<\/strong>\u00a0\u0130zmir B\u00fcy\u00fck \u015eehir Belediyesi b\u00fcnyesindeki UKEMO\u2019 nun belirledi\u011fi S Plakal\u0131 servis ara\u00e7lar\u0131 ile ta\u015f\u0131mac\u0131l\u0131\u011f\u0131 ger\u00e7ekle\u015ftirmektedir.<\/p><p>G\u00dcVENL\u0130, KONFORLU ULA\u015eIM B\u0130Z\u0130M \u0130\u015e\u0130M\u0130Z.<\/p>\t\t\t\t<\/div>\n\t\t\t\t\t<\/div>\n\t\t\t\t<\/div>\n\t\t\t\t<\/div>\n\t\t\t\t\t<\/div>\n\t\t<\/div>\n\t\t\t\t\t<\/div>\n\t\t<\/section>\n\t\t\t\t<\/div>\n\t\t","protected":false},"excerpt":{"rendered":"<p>Baycan Turizm \u0130zmir Kemalpa\u015fa Personel Ta\u015f\u0131mac\u0131l\u0131\u011f\u0131 Zaman\u0131n \u00f6nemine dikkat ederek, personellerinizi zaman\u0131nda konforlu ve g\u00fcvenli bir \u015fekilde\u00a0Kemalpa\u015fa \u0130zmir\u00a0de\u00a0Personel Ta\u015f\u0131mac\u0131l\u0131\u011f\u0131 yapmaktay\u0131z.<\/p>\n","protected":false},"author":1,"featured_media":0,"parent":0,"menu_order":0,"comment_status":"closed","ping_status":"closed","template":"","meta":{"footnotes":""},"class_list":["post-1109","page","type-page","status-publish","hentry"],"_links":{"self":[{"href":"https:\/\/baycanturizm.com.tr\/index.php\/wp-json\/wp\/v2\/pages\/1109","targetHints":{"allow":["GET"]}}],"collection":[{"href":"https:\/\/baycanturizm.com.tr\/index.php\/wp-json\/wp\/v2\/pages"}],"about":[{"href":"https:\/\/baycanturizm.com.tr\/index.php\/wp-json\/wp\/v2\/types\/page"}],"author":[{"embeddable":true,"href":"https:\/\/baycanturizm.com.tr\/index.php\/wp-json\/wp\/v2\/users\/1"}],"replies":[{"embeddable":true,"href":"https:\/\/baycanturizm.com.tr\/index.php\/wp-json\/wp\/v2\/comments?post=1109"}],"version-history":[{"count":4,"href":"https:\/\/baycanturizm.com.tr\/index.php\/wp-json\/wp\/v2\/pages\/1109\/revisions"}],"predecessor-version":[{"id":1131,"href":"https:\/\/baycanturizm.com.tr\/index.php\/wp-json\/wp\/v2\/pages\/1109\/revisions\/1131"}],"wp:attachment":[{"href":"https:\/\/baycanturizm.com.tr\/index.php\/wp-json\/wp\/v2\/media?parent=1109"}],"curies":[{"name":"wp","href":"https:\/\/api.w.org\/{rel}","templated":true}]}}