{"id":1111,"date":"2024-09-12T15:11:58","date_gmt":"2024-09-12T15:11:58","guid":{"rendered":"https:\/\/baycan-turizm.com.tr\/?page_id=1111"},"modified":"2024-09-12T15:36:06","modified_gmt":"2024-09-12T15:36:06","slug":"izmir-kemalpasa-ogrenci-tasimaciligi","status":"publish","type":"page","link":"https:\/\/baycanturizm.com.tr\/index.php\/izmir-kemalpasa-ogrenci-tasimaciligi\/","title":{"rendered":"\u0130zmir Kemalpa\u015fa \u00d6\u011frenci Ta\u015f\u0131mac\u0131l\u0131\u011f\u0131"},"content":{"rendered":"\t\t<div data-elementor-type=\"wp-page\" data-elementor-id=\"1111\" class=\"elementor elementor-1111\">\n\t\t\t\t\t\t<section class=\"elementor-section elementor-top-section elementor-element elementor-element-657bcf5c elementor-section-content-middle wd-section-stretch elementor-section-boxed elementor-section-height-default elementor-section-height-default\" data-id=\"657bcf5c\" data-element_type=\"section\" data-settings=\"{&quot;background_background&quot;:&quot;classic&quot;}\">\n\t\t\t\t\t\t<div class=\"elementor-container elementor-column-gap-default\">\n\t\t\t\t\t<div class=\"elementor-column elementor-col-66 elementor-top-column elementor-element elementor-element-60911f52\" data-id=\"60911f52\" data-element_type=\"column\">\n\t\t\t<div class=\"elementor-widget-wrap elementor-element-populated\">\n\t\t\t\t\t\t<div class=\"elementor-element elementor-element-46e49e38 elementor-widget elementor-widget-image\" data-id=\"46e49e38\" data-element_type=\"widget\" data-widget_type=\"image.default\">\n\t\t\t\t<div class=\"elementor-widget-container\">\n\t\t\t\t\t\t\t\t\t\t\t\t\t<img fetchpriority=\"high\" decoding=\"async\" width=\"804\" height=\"441\" src=\"https:\/\/baycanturizm.com.tr\/wp-content\/uploads\/2024\/09\/Adsiz-tasarim-38.png\" class=\"attachment-full size-full wp-image-1128\" alt=\"\" srcset=\"https:\/\/baycanturizm.com.tr\/wp-content\/uploads\/2024\/09\/Adsiz-tasarim-38.png 804w, https:\/\/baycanturizm.com.tr\/wp-content\/uploads\/2024\/09\/Adsiz-tasarim-38-150x82.png 150w, https:\/\/baycanturizm.com.tr\/wp-content\/uploads\/2024\/09\/Adsiz-tasarim-38-300x165.png 300w, https:\/\/baycanturizm.com.tr\/wp-content\/uploads\/2024\/09\/Adsiz-tasarim-38-768x421.png 768w\" sizes=\"(max-width: 804px) 100vw, 804px\" \/>\t\t\t\t\t\t\t\t\t\t\t\t\t<\/div>\n\t\t\t\t<\/div>\n\t\t\t\t\t<\/div>\n\t\t<\/div>\n\t\t\t\t<div class=\"elementor-column elementor-col-33 elementor-top-column elementor-element elementor-element-3c8d0756 color-scheme-light\" data-id=\"3c8d0756\" data-element_type=\"column\">\n\t\t\t<div class=\"elementor-widget-wrap elementor-element-populated\">\n\t\t\t\t\t\t<div class=\"elementor-element elementor-element-6c8ea8fb wd-width-100 elementor-widget elementor-widget-wd_title\" data-id=\"6c8ea8fb\" data-element_type=\"widget\" data-widget_type=\"wd_title.default\">\n\t\t\t\t<div class=\"elementor-widget-container\">\n\t\t\t\t\t<div class=\"title-wrapper set-mb-s reset-last-child wd-title-color-white wd-title-style-default wd-title-size-default text-left\">\n\n\t\t\t\t\t\t\t<div class=\"title-subtitle subtitle-color-white subtitle-style-default wd-fontsize-xs\">\n\t\t\t\t\tBAYCAN TUR\u0130ZM\t\t\t\t<\/div>\n\t\t\t\n\t\t\t<div class=\"liner-continer\">\n\t\t\t\t<h4 class=\"woodmart-title-container title wd-fontsize-l wd-underline-colored\">\u0130zmir Kemalpa\u015fa \u00d6\u011frenci Ta\u015f\u0131mac\u0131l\u0131\u011f\u0131<br \/>\n<\/h4> \n\t\t\t\t\t\t\t<\/div>\n\n\t\t\t\t\t\t\t<div class=\"title-after_title set-cont-mb-s reset-last-child wd-fontsize-xs\">\n\t\t\t\t\t<p>Milli E\u011fitim Bakanl\u0131\u011f\u0131n\u0131n\u00a0<strong>\u00d6\u011frenci ta\u015f\u0131mac\u0131l\u0131\u011f\u0131\u00a0<\/strong>y\u00f6netmeli\u011findeki\u00a0talimatlar\u0131 do\u011frultusunda istenen \u00f6zelliklere sahip ara\u00e7larla hizmet vermekteyiz. \u00c7\u00fcnk\u00fc insan hayat\u0131n\u0131n, de\u011ferinin fark\u0131nday\u0131z. Toplumun gelece\u011fi olarak nitelendirilen \u00e7ocuklar\u0131m\u0131z\u0131n ta\u015f\u0131nmas\u0131n\u0131n ayr\u0131 bir sorumluluk ve profesyonellik gerektirdi\u011finin bilincindeyiz.\u00a0Konu ile ilgili t\u00fcm hassasiyetler dikkatle uygulanmaktad\u0131r.\u00a0Ta\u015f\u0131d\u0131\u011f\u0131m\u0131z sorumlulu\u011fu yerine getirdi\u011fimizin en b\u00fcy\u00fck ispat\u0131 okul ve kre\u015flerden ald\u0131\u011f\u0131m\u0131z say\u0131s\u0131z ba\u015far\u0131 ve te\u015fekk\u00fcr belgeleridir. Her t\u00fcrl\u00fc ola\u011fan \u00fcst\u00fc durumlarda toplu SMS sistemi ile veliler, s\u00fcr\u00fcc\u00fcler ve rehberler bilgilendirir.\u00a0<\/p><h4><strong>\u00c7ocuklar\u0131m\u0131z\u0131 Emanet Etti\u011fimiz\u00a0S\u00fcr\u00fcc\u00fclerimiz<\/strong><\/h4><p>S\u00fcr\u00fcc\u00fclerimiz k\u0131l\u0131k k\u0131yafet mevzuat\u0131na uygun hareket etmektedir. \u015eehir i\u00e7i ve \u015fehirler aras\u0131 turizm ta\u015f\u0131mac\u0131l\u0131\u011f\u0131 e\u011fitimlidir. T.\u015e.O.F.\u2019 den sertifikal\u0131 ve minimum 5 y\u0131ll\u0131k a\u011f\u0131r vas\u0131ta ehliyetine sahiptir.S\u00fcr\u00fcc\u00fclerimiz firmam\u0131z taraf\u0131ndan d\u00fczenli olarak yap\u0131lan s\u00fcr\u00fc\u015f teknikleri, trafik, tak\u0131m ruhu, marka olma bilinci, ileti\u015fim ve KYS seminerlerine kat\u0131lmaktad\u0131r.S\u00fcr\u00fcc\u00fclerimiz arac\u0131n i\u00e7 ve d\u0131\u015f temizli\u011finden sorumludur ve yeterli olmamas\u0131 durumunda cezai i\u015flem uygulan\u0131r.S\u00fcr\u00fcc\u00fclerimiz servis esnas\u0131nda \u015fehir i\u00e7i h\u0131z limitine uymak zorundad\u0131r. H\u0131z limiti d\u0131\u015f\u0131na \u00e7\u0131karak \u00f6\u011frencilerin hayat\u0131n\u0131 riske atacak hareketlerden ka\u00e7\u0131n\u0131r, \u00f6\u011frencileri tehlikeye atmaz.Can g\u00fcvenli\u011fi ve emniyetli yolculuk i\u00e7in takip mesafesini ayarlay\u0131p zorunlu olmad\u0131k\u00e7a sol \u015feridi kullanmaz ve sollama yapmaz. Ayr\u0131ca t\u00fcm s\u00fcr\u00fcc\u00fclerimiz trafik kurallar\u0131na uymak zorunda olduklar\u0131n\u0131n bilicindedir.Servis Hosteslerimiz tek tip k\u0131yafetli, bak\u0131ml\u0131, 30 ya\u015f\u0131n\u0131 a\u015fmamaktad\u0131r. \u00c7ocuklar\u0131 seven, g\u00fcler y\u00fczl\u00fc, ho\u015fg\u00f6r\u00fcl\u00fc, sevecen, \u015fefkatli ve tecr\u00fcbeli elemanlardan olu\u015fmaktad\u0131r. Bula\u015f\u0131c\u0131 hastal\u0131\u011fa yakalanan hosteslerimizin yerine derhal yedek hostesimiz g\u00f6revi devral\u0131r.\u00d6\u011frencilerin evden okula, okuldan eve gidi\u015f geli\u015flerinde; servis ara\u00e7lar\u0131na binerken ve ara\u00e7tan inerken servis rehberi refakat eder. Velisi d\u0131\u015f\u0131nda kimseye teslim edilmez.Okul ara\u00e7lar\u0131m\u0131z\u0131n t\u00fcm koltuklar\u0131nda\u00a0<strong>\u00f6\u011frenci ta\u015f\u0131mac\u0131l\u0131\u011f\u0131<\/strong>\u00a0y\u00f6netmeliklerine g\u00f6re\u00a0emniyet kemerleri mevcuttur ve tak\u0131lmas\u0131 zorunludur.Kamu ve \u00f6zel sekt\u00f6rde okul, dershane, kurs ve et\u00fcd evi\u00a0gibi e\u011fitim tabanl\u0131 kurumlarda faaliyet g\u00f6stermekteyiz.\u00a0<strong>Kemalpa\u015fa \u0130zmir<\/strong>\u00a0de Servislerimiz\u00a0<strong>\u00f6\u011frenci ta\u015f\u0131mac\u0131l\u0131\u011f\u0131<\/strong>n\u0131n gerektirdi\u011fi t\u00fcm gereksinimlere sahiptir.\u00a0<strong>\u00d6\u011frenci servisi\u00a0<\/strong>konusunda\u00a0uzmanla\u015fan s\u00fcr\u00fcc\u00fclerimiz konular\u0131nda s\u00fcrekli e\u011fitime girerek bilgisini taze tutmaktad\u0131r. \u00c7ocuklar\u0131n\u0131z do\u011fru hostes ve s\u00fcr\u00fcc\u00fclerle g\u00fcvenli yolculu\u011fun keyfini s\u00fcrerken, veliler ise g\u00f6n\u00fcl rahatl\u0131\u011f\u0131yla, eve sa\u011f salim geleceklerini bilmenin huzuruyla hayat\u0131n\u0131za devam edebilirsiniz. Firmam\u0131z,\u00a0<strong>okul servisi<\/strong>\u00a0yapan firmalar aras\u0131nda s\u0131f\u0131r hata ile en iyi ve g\u00fcvenilir firmalar aras\u0131ndad\u0131r. Her ge\u00e7en g\u00fcn \u00e7\u0131tay\u0131 biraz daha yukar\u0131 \u00e7\u0131karmaktad\u0131r.\u00a0Firmam\u0131za ve uzman ekibimize g\u00fcvenerek \u00e7ocuklar\u0131n\u0131z\u0131 emanet etti\u011finiz i\u00e7in t\u00fcm anne ve babalara\u00a0te\u015fekk\u00fcrler ederiz. Sizleri y\u00fcz \u00fcst\u00fc b\u0131rakmayaca\u011f\u0131m\u0131z\u0131n ise bir kez daha alt\u0131n\u0131 \u00e7izmek isteriz.<\/p>\t\t\t\t<\/div>\n\t\t\t\t\t<\/div>\n\t\t\t\t<\/div>\n\t\t\t\t<\/div>\n\t\t\t\t\t<\/div>\n\t\t<\/div>\n\t\t\t\t\t<\/div>\n\t\t<\/section>\n\t\t\t\t<\/div>\n\t\t","protected":false},"excerpt":{"rendered":"<p>BAYCAN TUR\u0130ZM \u0130zmir Kemalpa\u015fa \u00d6\u011frenci Ta\u015f\u0131mac\u0131l\u0131\u011f\u0131 Milli E\u011fitim Bakanl\u0131\u011f\u0131n\u0131n\u00a0\u00d6\u011frenci ta\u015f\u0131mac\u0131l\u0131\u011f\u0131\u00a0y\u00f6netmeli\u011findeki\u00a0talimatlar\u0131 do\u011frultusunda istenen \u00f6zelliklere sahip ara\u00e7larla hizmet vermekteyiz. \u00c7\u00fcnk\u00fc insan hayat\u0131n\u0131n,<\/p>\n","protected":false},"author":1,"featured_media":0,"parent":0,"menu_order":0,"comment_status":"closed","ping_status":"closed","template":"","meta":{"footnotes":""},"class_list":["post-1111","page","type-page","status-publish","hentry"],"_links":{"self":[{"href":"https:\/\/baycanturizm.com.tr\/index.php\/wp-json\/wp\/v2\/pages\/1111","targetHints":{"allow":["GET"]}}],"collection":[{"href":"https:\/\/baycanturizm.com.tr\/index.php\/wp-json\/wp\/v2\/pages"}],"about":[{"href":"https:\/\/baycanturizm.com.tr\/index.php\/wp-json\/wp\/v2\/types\/page"}],"author":[{"embeddable":true,"href":"https:\/\/baycanturizm.com.tr\/index.php\/wp-json\/wp\/v2\/users\/1"}],"replies":[{"embeddable":true,"href":"https:\/\/baycanturizm.com.tr\/index.php\/wp-json\/wp\/v2\/comments?post=1111"}],"version-history":[{"count":4,"href":"https:\/\/baycanturizm.com.tr\/index.php\/wp-json\/wp\/v2\/pages\/1111\/revisions"}],"predecessor-version":[{"id":1134,"href":"https:\/\/baycanturizm.com.tr\/index.php\/wp-json\/wp\/v2\/pages\/1111\/revisions\/1134"}],"wp:attachment":[{"href":"https:\/\/baycanturizm.com.tr\/index.php\/wp-json\/wp\/v2\/media?parent=1111"}],"curies":[{"name":"wp","href":"https:\/\/api.w.org\/{rel}","templated":true}]}}