{"id":15588,"date":"2025-07-10T09:11:41","date_gmt":"2025-07-10T09:11:41","guid":{"rendered":"https:\/\/baycan-turizm.com.tr\/?page_id=15588"},"modified":"2025-07-10T09:14:19","modified_gmt":"2025-07-10T09:14:19","slug":"manisa-personel-servisi","status":"publish","type":"page","link":"https:\/\/baycanturizm.com.tr\/index.php\/manisa-personel-servisi\/","title":{"rendered":"Manisa Personel Servisi"},"content":{"rendered":"\t\t<div data-elementor-type=\"wp-page\" data-elementor-id=\"15588\" class=\"elementor elementor-15588\">\n\t\t\t\t\t\t<section class=\"elementor-section elementor-top-section elementor-element elementor-element-9fa8177 elementor-section-content-middle wd-section-stretch elementor-section-boxed elementor-section-height-default elementor-section-height-default\" data-id=\"9fa8177\" data-element_type=\"section\" data-settings=\"{&quot;background_background&quot;:&quot;classic&quot;}\">\n\t\t\t\t\t\t<div class=\"elementor-container elementor-column-gap-default\">\n\t\t\t\t\t<div class=\"elementor-column elementor-col-66 elementor-top-column elementor-element elementor-element-b43e1fc\" data-id=\"b43e1fc\" data-element_type=\"column\">\n\t\t\t<div class=\"elementor-widget-wrap elementor-element-populated\">\n\t\t\t\t\t\t<div class=\"elementor-element elementor-element-715fd4b elementor-widget elementor-widget-image\" data-id=\"715fd4b\" data-element_type=\"widget\" data-widget_type=\"image.default\">\n\t\t\t\t<div class=\"elementor-widget-container\">\n\t\t\t\t\t\t\t\t\t\t\t\t\t<img fetchpriority=\"high\" decoding=\"async\" width=\"804\" height=\"441\" src=\"https:\/\/baycanturizm.com.tr\/wp-content\/uploads\/2024\/09\/Adsiz-tasarim-38.png\" class=\"attachment-full size-full wp-image-1128\" alt=\"\" srcset=\"https:\/\/baycanturizm.com.tr\/wp-content\/uploads\/2024\/09\/Adsiz-tasarim-38.png 804w, https:\/\/baycanturizm.com.tr\/wp-content\/uploads\/2024\/09\/Adsiz-tasarim-38-150x82.png 150w, https:\/\/baycanturizm.com.tr\/wp-content\/uploads\/2024\/09\/Adsiz-tasarim-38-300x165.png 300w, https:\/\/baycanturizm.com.tr\/wp-content\/uploads\/2024\/09\/Adsiz-tasarim-38-768x421.png 768w\" sizes=\"(max-width: 804px) 100vw, 804px\" \/>\t\t\t\t\t\t\t\t\t\t\t\t\t<\/div>\n\t\t\t\t<\/div>\n\t\t\t\t\t<\/div>\n\t\t<\/div>\n\t\t\t\t<div class=\"elementor-column elementor-col-33 elementor-top-column elementor-element elementor-element-271d15c color-scheme-light\" data-id=\"271d15c\" data-element_type=\"column\">\n\t\t\t<div class=\"elementor-widget-wrap elementor-element-populated\">\n\t\t\t\t\t\t<div class=\"elementor-element elementor-element-e2cb2b6 wd-width-100 elementor-widget elementor-widget-wd_title\" data-id=\"e2cb2b6\" data-element_type=\"widget\" data-widget_type=\"wd_title.default\">\n\t\t\t\t<div class=\"elementor-widget-container\">\n\t\t\t\t\t<div class=\"title-wrapper set-mb-s reset-last-child wd-title-color-white wd-title-style-default wd-title-size-default text-left\">\n\n\t\t\t\t\t\t\t<div class=\"title-subtitle subtitle-color-white subtitle-style-default wd-fontsize-xs\">\n\t\t\t\t\tBAYCAN TUR\u0130ZM\t\t\t\t<\/div>\n\t\t\t\n\t\t\t<div class=\"liner-continer\">\n\t\t\t\t<h4 class=\"woodmart-title-container title wd-fontsize-l wd-underline-colored\">Manisa Personel Servisi<\/h4> \n\t\t\t\t\t\t\t<\/div>\n\n\t\t\t\t\t\t\t<div class=\"title-after_title set-cont-mb-s reset-last-child wd-fontsize-xs\">\n\t\t\t\t\t<p>\u0130\u015f d\u00fcnyas\u0131n\u0131n yo\u011fun temposunda en de\u011ferli kayna\u011f\u0131n\u0131z olan \u00e7al\u0131\u015fanlar\u0131n\u0131z\u0131n ula\u015f\u0131m\u0131n\u0131 g\u00fcvence alt\u0131na al\u0131yoruz. Fabrikalar, organize sanayi b\u00f6lgeleri, \u00fcretim tesisleri ve kurumsal firmalar ba\u015fta olmak \u00fczere, Manisa ve \u00e7evresindeki pek \u00e7ok i\u015fletmeye \u00f6zel, planl\u0131 ve g\u00fcvenilir personel ta\u015f\u0131ma hizmetleri sunuyoruz.<\/p><p>Amac\u0131m\u0131z, \u00e7al\u0131\u015fanlar\u0131n\u0131z\u0131n i\u015f yerlerine zaman\u0131nda, rahat ve g\u00fcvenli bir \u015fekilde ula\u015fmas\u0131n\u0131 sa\u011flamak. Bu sayede hem personel memnuniyetini art\u0131r\u0131yor hem de firman\u0131z\u0131n verimlili\u011fine katk\u0131da bulunuyoruz. Modern ara\u00e7 filomuz, periyodik bak\u0131mlar\u0131 d\u00fczenli yap\u0131lan ve her zaman temiz tutulan servis ara\u00e7lar\u0131m\u0131z ile ula\u015f\u0131m s\u0131ras\u0131nda her detay \u00f6zenle d\u00fc\u015f\u00fcn\u00fcl\u00fcr.<\/p><p>Deneyimli ve g\u00fcler y\u00fczl\u00fc \u015fof\u00f6rlerimiz, trafik kurallar\u0131na tam uyum sa\u011flayarak, \u00e7al\u0131\u015fanlar\u0131n\u0131z\u0131n g\u00fcvenli\u011fine ve konforuna \u00f6ncelik verir. Her firman\u0131n ihtiyac\u0131na uygun g\u00fczerg\u00e2h planlamas\u0131, esnek saat ayarlamalar\u0131 ve kapasiteye g\u00f6re ara\u00e7 se\u00e7imiyle size \u00f6zel \u00e7\u00f6z\u00fcmler \u00fcretiyoruz.<\/p><p>Manisa\u2019n\u0131n geni\u015f organize sanayi b\u00f6lgeleri ve farkl\u0131 lokasyonlar\u0131na y\u00f6nelik ta\u015f\u0131mac\u0131l\u0131k a\u011f\u0131m\u0131zla, i\u015f g\u00fcc\u00fcn\u00fcz\u00fc yolda kaybetmek yerine i\u015f yerinize zaman\u0131nda ve motivasyonu y\u00fcksek \u015fekilde ula\u015ft\u0131rmay\u0131 hedefliyoruz.<\/p><p>Personel ta\u015f\u0131mac\u0131l\u0131\u011f\u0131nda m\u00fc\u015fteri memnuniyetini ilke edinerek y\u0131llard\u0131r b\u00f6lgemizde g\u00fcvenilir bir marka olmay\u0131 ba\u015fard\u0131k. Siz de firman\u0131z\u0131n ula\u015f\u0131m ihtiyac\u0131n\u0131 uzman ellere teslim ederek \u00e7al\u0131\u015fanlar\u0131n\u0131z i\u00e7in g\u00fcvenli bir yolculuk deneyimi sunabilirsiniz.<\/p><p>Her yolculu\u011fun sorumlulu\u011funu kendi yolculu\u011fumuz gibi g\u00f6r\u00fcr, en iyisini sunmak i\u00e7in \u00e7al\u0131\u015f\u0131r\u0131z. Size de sadece i\u015finize odaklanmak kal\u0131r.<\/p><p>Bizimle ileti\u015fime ge\u00e7in, personel ula\u015f\u0131m\u0131n\u0131z\u0131 g\u00fcvenle planlayal\u0131m.<\/p>\t\t\t\t<\/div>\n\t\t\t\t\t<\/div>\n\t\t\t\t<\/div>\n\t\t\t\t<\/div>\n\t\t\t\t\t<\/div>\n\t\t<\/div>\n\t\t\t\t\t<\/div>\n\t\t<\/section>\n\t\t\t\t<\/div>\n\t\t","protected":false},"excerpt":{"rendered":"<p>BAYCAN TUR\u0130ZM Manisa Personel Servisi \u0130\u015f d\u00fcnyas\u0131n\u0131n yo\u011fun temposunda en de\u011ferli kayna\u011f\u0131n\u0131z olan \u00e7al\u0131\u015fanlar\u0131n\u0131z\u0131n ula\u015f\u0131m\u0131n\u0131 g\u00fcvence alt\u0131na al\u0131yoruz. Fabrikalar, organize<\/p>\n","protected":false},"author":1,"featured_media":0,"parent":0,"menu_order":0,"comment_status":"closed","ping_status":"closed","template":"","meta":{"footnotes":""},"class_list":["post-15588","page","type-page","status-publish","hentry"],"_links":{"self":[{"href":"https:\/\/baycanturizm.com.tr\/index.php\/wp-json\/wp\/v2\/pages\/15588","targetHints":{"allow":["GET"]}}],"collection":[{"href":"https:\/\/baycanturizm.com.tr\/index.php\/wp-json\/wp\/v2\/pages"}],"about":[{"href":"https:\/\/baycanturizm.com.tr\/index.php\/wp-json\/wp\/v2\/types\/page"}],"author":[{"embeddable":true,"href":"https:\/\/baycanturizm.com.tr\/index.php\/wp-json\/wp\/v2\/users\/1"}],"replies":[{"embeddable":true,"href":"https:\/\/baycanturizm.com.tr\/index.php\/wp-json\/wp\/v2\/comments?post=15588"}],"version-history":[{"count":4,"href":"https:\/\/baycanturizm.com.tr\/index.php\/wp-json\/wp\/v2\/pages\/15588\/revisions"}],"predecessor-version":[{"id":15592,"href":"https:\/\/baycanturizm.com.tr\/index.php\/wp-json\/wp\/v2\/pages\/15588\/revisions\/15592"}],"wp:attachment":[{"href":"https:\/\/baycanturizm.com.tr\/index.php\/wp-json\/wp\/v2\/media?parent=15588"}],"curies":[{"name":"wp","href":"https:\/\/api.w.org\/{rel}","templated":true}]}}