{"id":15593,"date":"2025-07-10T09:16:09","date_gmt":"2025-07-10T09:16:09","guid":{"rendered":"https:\/\/baycan-turizm.com.tr\/?page_id=15593"},"modified":"2025-07-10T09:19:25","modified_gmt":"2025-07-10T09:19:25","slug":"bornova-personel-servisi","status":"publish","type":"page","link":"https:\/\/baycanturizm.com.tr\/index.php\/bornova-personel-servisi\/","title":{"rendered":"\u0130zmir \u00d6\u011frenci Servisi"},"content":{"rendered":"\t\t<div data-elementor-type=\"wp-page\" data-elementor-id=\"15593\" class=\"elementor elementor-15593\">\n\t\t\t\t\t\t<section class=\"elementor-section elementor-top-section elementor-element elementor-element-bb3b5c7 elementor-section-content-middle wd-section-stretch elementor-section-boxed elementor-section-height-default elementor-section-height-default\" data-id=\"bb3b5c7\" data-element_type=\"section\" data-settings=\"{&quot;background_background&quot;:&quot;classic&quot;}\">\n\t\t\t\t\t\t<div class=\"elementor-container elementor-column-gap-default\">\n\t\t\t\t\t<div class=\"elementor-column elementor-col-66 elementor-top-column elementor-element elementor-element-9beaddc\" data-id=\"9beaddc\" data-element_type=\"column\">\n\t\t\t<div class=\"elementor-widget-wrap elementor-element-populated\">\n\t\t\t\t\t\t<div class=\"elementor-element elementor-element-1152cc6 elementor-widget elementor-widget-image\" data-id=\"1152cc6\" data-element_type=\"widget\" data-widget_type=\"image.default\">\n\t\t\t\t<div class=\"elementor-widget-container\">\n\t\t\t\t\t\t\t\t\t\t\t\t\t<img fetchpriority=\"high\" decoding=\"async\" width=\"804\" height=\"441\" src=\"https:\/\/baycanturizm.com.tr\/wp-content\/uploads\/2024\/09\/Adsiz-tasarim-38.png\" class=\"attachment-full size-full wp-image-1128\" alt=\"\" srcset=\"https:\/\/baycanturizm.com.tr\/wp-content\/uploads\/2024\/09\/Adsiz-tasarim-38.png 804w, https:\/\/baycanturizm.com.tr\/wp-content\/uploads\/2024\/09\/Adsiz-tasarim-38-150x82.png 150w, https:\/\/baycanturizm.com.tr\/wp-content\/uploads\/2024\/09\/Adsiz-tasarim-38-300x165.png 300w, https:\/\/baycanturizm.com.tr\/wp-content\/uploads\/2024\/09\/Adsiz-tasarim-38-768x421.png 768w\" sizes=\"(max-width: 804px) 100vw, 804px\" \/>\t\t\t\t\t\t\t\t\t\t\t\t\t<\/div>\n\t\t\t\t<\/div>\n\t\t\t\t\t<\/div>\n\t\t<\/div>\n\t\t\t\t<div class=\"elementor-column elementor-col-33 elementor-top-column elementor-element elementor-element-906cc63 color-scheme-light\" data-id=\"906cc63\" data-element_type=\"column\">\n\t\t\t<div class=\"elementor-widget-wrap elementor-element-populated\">\n\t\t\t\t\t\t<div class=\"elementor-element elementor-element-8bd6661 wd-width-100 elementor-widget elementor-widget-wd_title\" data-id=\"8bd6661\" data-element_type=\"widget\" data-widget_type=\"wd_title.default\">\n\t\t\t\t<div class=\"elementor-widget-container\">\n\t\t\t\t\t<div class=\"title-wrapper set-mb-s reset-last-child wd-title-color-white wd-title-style-default wd-title-size-default text-left\">\n\n\t\t\t\t\t\t\t<div class=\"title-subtitle subtitle-color-white subtitle-style-default wd-fontsize-xs\">\n\t\t\t\t\tBAYCAN TUR\u0130ZM\t\t\t\t<\/div>\n\t\t\t\n\t\t\t<div class=\"liner-continer\">\n\t\t\t\t<h4 class=\"woodmart-title-container title wd-fontsize-l wd-underline-colored\">\u0130zmir \u00d6\u011frenci Servisi<\/h4> \n\t\t\t\t\t\t\t<\/div>\n\n\t\t\t\t\t\t\t<div class=\"title-after_title set-cont-mb-s reset-last-child wd-fontsize-xs\">\n\t\t\t\t\t<p>\u00c7ocuklar\u0131m\u0131z\u0131n g\u00fcvenli\u011fini her \u015feyin \u00f6n\u00fcnde tutuyor, ailelerin i\u00e7i rahat bir \u015fekilde \u00e7ocuklar\u0131n\u0131 okula g\u00f6ndermelerini sa\u011fl\u0131yoruz. Y\u0131llard\u0131r \u0130zmir genelinde anaokulundan liseye kadar farkl\u0131 ya\u015f gruplar\u0131na y\u00f6nelik \u00f6\u011frenci ta\u015f\u0131mac\u0131l\u0131\u011f\u0131 hizmeti sunuyor; modern ara\u00e7 filomuz, deneyimli \u015fof\u00f6rlerimiz ve rehber personelimizle \u00e7ocuklar\u0131n\u0131z\u0131 evlerinden okullar\u0131na, okullar\u0131ndan evlerine g\u00fcvenle ula\u015ft\u0131r\u0131yoruz.<\/p><p>\u00d6\u011frenci ta\u015f\u0131mac\u0131l\u0131\u011f\u0131 hizmetimizde en b\u00fcy\u00fck \u00f6nceli\u011fimiz emniyet ve konfordur. Ara\u00e7lar\u0131m\u0131z\u0131n d\u00fczenli bak\u0131m\u0131 eksiksiz yap\u0131l\u0131r, hijyen kurallar\u0131na uygun \u015fekilde temizlenir. Ya\u015f gruplar\u0131na uygun emniyet kemerleri, rahat koltuk d\u00fczenleri ve d\u00fczenli kontrollerle yolculuk boyunca \u00e7ocuklar\u0131n\u0131z\u0131n konforu sa\u011flan\u0131r.<\/p><p>Alan\u0131nda deneyimli, sab\u0131rl\u0131 ve \u00e7ocuk psikolojisinden anlayan s\u00fcr\u00fcc\u00fclerimiz; \u00e7ocuklar\u0131m\u0131z\u0131n trafikte daima g\u00fcvende olmas\u0131n\u0131 sa\u011flarken, rehber personelimiz de servise bini\u015ften ini\u015fe kadar \u00f6\u011frencilerin yan\u0131nda olur, ailelerle ileti\u015fimi g\u00fc\u00e7l\u00fc tutar.<\/p><p>Ayr\u0131ca, g\u00fczerg\u00e2h planlamalar\u0131m\u0131z\u0131 her \u00f6\u011frencinin en k\u0131sa s\u00fcrede, en az yolda vakit ge\u00e7irecek \u015fekilde organize ederiz. B\u00f6ylece \u00e7ocuklar erken saatlerde yola \u00e7\u0131kmak zorunda kalmaz, yolda yorgun d\u00fc\u015fmez.<\/p><p>Bug\u00fcn y\u00fczlerce aile, \u00f6\u011frenci servis hizmetimizi tercih ederek \u00e7ocuklar\u0131n\u0131 g\u00fcvenle bize emanet ediyor. Siz de sevdikleriniz i\u00e7in konforlu, dakik ve g\u00fcvenilir bir okul servisi ar\u0131yorsan\u0131z, do\u011fru adrestesiniz.<\/p><p><strong>\u00c7ocu\u011funuz g\u00fcvende, siz huzurlu olun!<\/strong> Biz buraday\u0131z.<\/p>\t\t\t\t<\/div>\n\t\t\t\t\t<\/div>\n\t\t\t\t<\/div>\n\t\t\t\t<\/div>\n\t\t\t\t\t<\/div>\n\t\t<\/div>\n\t\t\t\t\t<\/div>\n\t\t<\/section>\n\t\t\t\t<\/div>\n\t\t","protected":false},"excerpt":{"rendered":"<p>BAYCAN TUR\u0130ZM \u0130zmir \u00d6\u011frenci Servisi \u00c7ocuklar\u0131m\u0131z\u0131n g\u00fcvenli\u011fini her \u015feyin \u00f6n\u00fcnde tutuyor, ailelerin i\u00e7i rahat bir \u015fekilde \u00e7ocuklar\u0131n\u0131 okula g\u00f6ndermelerini sa\u011fl\u0131yoruz.<\/p>\n","protected":false},"author":1,"featured_media":0,"parent":0,"menu_order":0,"comment_status":"closed","ping_status":"closed","template":"","meta":{"footnotes":""},"class_list":["post-15593","page","type-page","status-publish","hentry"],"_links":{"self":[{"href":"https:\/\/baycanturizm.com.tr\/index.php\/wp-json\/wp\/v2\/pages\/15593","targetHints":{"allow":["GET"]}}],"collection":[{"href":"https:\/\/baycanturizm.com.tr\/index.php\/wp-json\/wp\/v2\/pages"}],"about":[{"href":"https:\/\/baycanturizm.com.tr\/index.php\/wp-json\/wp\/v2\/types\/page"}],"author":[{"embeddable":true,"href":"https:\/\/baycanturizm.com.tr\/index.php\/wp-json\/wp\/v2\/users\/1"}],"replies":[{"embeddable":true,"href":"https:\/\/baycanturizm.com.tr\/index.php\/wp-json\/wp\/v2\/comments?post=15593"}],"version-history":[{"count":5,"href":"https:\/\/baycanturizm.com.tr\/index.php\/wp-json\/wp\/v2\/pages\/15593\/revisions"}],"predecessor-version":[{"id":15599,"href":"https:\/\/baycanturizm.com.tr\/index.php\/wp-json\/wp\/v2\/pages\/15593\/revisions\/15599"}],"wp:attachment":[{"href":"https:\/\/baycanturizm.com.tr\/index.php\/wp-json\/wp\/v2\/media?parent=15593"}],"curies":[{"name":"wp","href":"https:\/\/api.w.org\/{rel}","templated":true}]}}